{"id":41,"date":"2022-02-09T12:28:16","date_gmt":"2022-02-09T09:28:16","guid":{"rendered":"http:\/\/qqopera-mektep.uz\/?page_id=41"},"modified":"2022-05-18T09:22:34","modified_gmt":"2022-05-18T06:22:34","slug":"biz-haqqimizda","status":"publish","type":"page","link":"https:\/\/12-bmkom.uz\/uz\/biz-haqqimizda","title":{"rendered":"Biz haqimizda"},"content":{"rendered":"<p style=\"text-align: justify;\"><span style=\"font-size: 14pt;\">N\u00f3kis qalasi 12-sanl\u0131 balalar muz\u0131ka h\u00e1m k\u00f3rkem \u00f3ner mektebi 1972-jili N\u00f3kis qalaliq 2-sanli balalar muz\u0131ka h\u00e1m k\u00f3rkem \u00f3ner mektebi bolip sh\u00f3lkemlestirildi. 2006-jili N\u00f3kis qalasi 12-sanl\u0131 balalar muz\u0131ka h\u00e1m k\u00f3rkem \u00f3ner mektebi bolip qayta sholkemlestirilip jumis alip barmaqta.<\/span><br \/>\n<span style=\"font-size: 14pt;\">2008-j\u0131l 8-iyulda \u201cBalalar muz\u0131ka h\u00e1m k\u00f3rkem \u00f3ner mekteplerini\u0144 materiyalliq-texnikal\u0131q bazas\u0131n bekkemlew h\u00e1m olard\u0131\u0144 iskerligin j\u00e1nede jetilistiriw 2009-2014-j\u0131llarda\u01f5\u0131 j\u00f3neltirilgen M\u00e1mleketlik d\u00e1sturli haqqinda\u01f5i\u201d PQ- 910-san qarar\u0131\u201d tiykar\u0131nda 2010-j\u0131l ja\u0144adan qur\u0131l\u0131p paydalan\u0131w\u01f5a taps\u0131r\u0131ld\u0131.<\/span><br \/>\n<span style=\"font-size: 14pt;\">Mektep 150 or\u0131n\u01f5a m\u00faljellengen bol\u0131p, h\u00e1zirde 12 j\u00f3nelis boy\u0131nsha 500ge jaq\u0131n oq\u0131wsh\u0131 t\u00e1lim almaqta.<\/span><\/p>\n<p><script><\/script><\/p>\n","protected":false},"excerpt":{"rendered":"<p>N\u00f3kis qalasi 12-sanl\u0131 balalar muz\u0131ka h\u00e1m k\u00f3rkem \u00f3ner mektebi 1972-jili N\u00f3kis qalaliq 2-sanli balalar muz\u0131ka h\u00e1m k\u00f3rkem \u00f3ner mektebi bolip&#8230;<\/p>\n","protected":false},"author":1,"featured_media":0,"parent":0,"menu_order":0,"comment_status":"closed","ping_status":"closed","template":"","meta":[],"_links":{"self":[{"href":"https:\/\/12-bmkom.uz\/uz\/wp-json\/wp\/v2\/pages\/41"}],"collection":[{"href":"https:\/\/12-bmkom.uz\/uz\/wp-json\/wp\/v2\/pages"}],"about":[{"href":"https:\/\/12-bmkom.uz\/uz\/wp-json\/wp\/v2\/types\/page"}],"author":[{"embeddable":true,"href":"https:\/\/12-bmkom.uz\/uz\/wp-json\/wp\/v2\/users\/1"}],"replies":[{"embeddable":true,"href":"https:\/\/12-bmkom.uz\/uz\/wp-json\/wp\/v2\/comments?post=41"}],"version-history":[{"count":18,"href":"https:\/\/12-bmkom.uz\/uz\/wp-json\/wp\/v2\/pages\/41\/revisions"}],"predecessor-version":[{"id":507,"href":"https:\/\/12-bmkom.uz\/uz\/wp-json\/wp\/v2\/pages\/41\/revisions\/507"}],"wp:attachment":[{"href":"https:\/\/12-bmkom.uz\/uz\/wp-json\/wp\/v2\/media?parent=41"}],"curies":[{"name":"wp","href":"https:\/\/api.w.org\/{rel}","templated":true}]}}