{"id":49,"date":"2022-02-09T12:36:31","date_gmt":"2022-02-09T09:36:31","guid":{"rendered":"http:\/\/qqopera-mektep.uz\/?page_id=49"},"modified":"2022-05-18T09:24:04","modified_gmt":"2022-05-18T06:24:04","slug":"jonelisler","status":"publish","type":"page","link":"https:\/\/12-bmkom.uz\/uz\/jonelisler","title":{"rendered":"Bizndagi yunalishlar"},"content":{"rendered":"<p>Tayarlantu\u01f5\u0131n q\u00e1nigelikler<\/p>\n<p>1.Fortepiano<\/p>\n<p>2.Tarl\u0131 \u00e1spablar<\/p>\n<p>3.\u00daplep shertetu\u01f5\u0131n h\u00e1m urma \u00e1spablar<\/p>\n<p>4.Xal\u0131q sazlar\u0131<\/p>\n<p>5.Estrada saz atqar\u0131wsh\u0131l\u0131\u01f5\u0131<\/p>\n<p>6.Milliy saz atqar\u0131wsh\u0131l\u0131\u01f5\u0131<\/p>\n<p>7.Akademiyal\u0131q vokal<\/p>\n<p>8.Milliy vokal atqar\u0131wsh\u0131l\u0131\u01f5\u0131<\/p>\n<p>9.Estrada vokal atqar\u0131wsh\u0131l\u0131\u01f5\u0131<\/p>\n<p>10.Muz\u0131ka teoriyas\u0131<\/p>\n<p>11.H\u00e1weskerlik xor<\/p>\n<p>12.Xal\u0131q oy\u0131n\u0131<\/p>\n<p>13.Muz\u0131kal\u0131 teatr<\/p>\n<p>14.S\u00fawretlew \u00f3neri<\/p>\n<p>&nbsp;<br \/>\n<script><\/script><\/p>","protected":false},"excerpt":{"rendered":"<p>Tayarlantu\u01f5\u0131n q\u00e1nigelikler 1.Fortepiano 2.Tarl\u0131 \u00e1spablar 3.\u00daplep shertetu\u01f5\u0131n h\u00e1m urma \u00e1spablar 4.Xal\u0131q sazlar\u0131 5.Estrada saz atqar\u0131wsh\u0131l\u0131\u01f5\u0131 6.Milliy saz atqar\u0131wsh\u0131l\u0131\u01f5\u0131 7.Akademiyal\u0131q vokal&#8230;<\/p>\n","protected":false},"author":1,"featured_media":0,"parent":0,"menu_order":0,"comment_status":"closed","ping_status":"closed","template":"","meta":[],"_links":{"self":[{"href":"https:\/\/12-bmkom.uz\/uz\/wp-json\/wp\/v2\/pages\/49"}],"collection":[{"href":"https:\/\/12-bmkom.uz\/uz\/wp-json\/wp\/v2\/pages"}],"about":[{"href":"https:\/\/12-bmkom.uz\/uz\/wp-json\/wp\/v2\/types\/page"}],"author":[{"embeddable":true,"href":"https:\/\/12-bmkom.uz\/uz\/wp-json\/wp\/v2\/users\/1"}],"replies":[{"embeddable":true,"href":"https:\/\/12-bmkom.uz\/uz\/wp-json\/wp\/v2\/comments?post=49"}],"version-history":[{"count":28,"href":"https:\/\/12-bmkom.uz\/uz\/wp-json\/wp\/v2\/pages\/49\/revisions"}],"predecessor-version":[{"id":508,"href":"https:\/\/12-bmkom.uz\/uz\/wp-json\/wp\/v2\/pages\/49\/revisions\/508"}],"wp:attachment":[{"href":"https:\/\/12-bmkom.uz\/uz\/wp-json\/wp\/v2\/media?parent=49"}],"curies":[{"name":"wp","href":"https:\/\/api.w.org\/{rel}","templated":true}]}}